{"id":786,"date":"2022-10-07T18:28:13","date_gmt":"2022-10-07T16:28:13","guid":{"rendered":"https:\/\/abschiebezentrumverhindern.noblogs.org\/?page_id=786"},"modified":"2022-10-07T18:28:58","modified_gmt":"2022-10-07T16:28:58","slug":"das-geplante-abschiebezentrum","status":"publish","type":"page","link":"https:\/\/abschiebezentrumverhindern.noblogs.org\/en-US\/das-geplante-abschiebezentrum\/","title":{"rendered":"Das geplante Abschiebezentrum"},"content":{"rendered":"\n<div class=\"wp-block-group alignfull is-layout-flow wp-block-group-is-layout-flow\">\n<div class=\"wp-block-columns alignwide is-layout-flex wp-container-core-columns-is-layout-28f84493 wp-block-columns-is-layout-flex\">\n<div class=\"wp-block-column is-layout-flow wp-block-column-is-layout-flow\">\n<p>Das brandenburgische Innenministerium hat angek\u00fcndigt, bis 2025 ein sogenanntes \u201eEin- und Ausreisezentrum am Flughafen BER\u201c in Sch\u00f6nefeld zu errichten. Damit will die Regierung ein Pilotprojekt zur Beschleunigung und Ausweitung von restriktiven Asylverfahren und Abschiebungen etablieren. Der Bau soll auf einer Fl\u00e4che von 4 Hektar noch in diesem Jahr beginnen und ein Ankunfts-, Transit-, Gewahrsams- und R\u00fcckf\u00fchrungsgeb\u00e4ude umfassen. Der bisherige Planungsprozess war sehr intransparent und undemokratisch.<\/p>\n<\/div>\n\n\n\n<div class=\"wp-block-column is-layout-flow wp-block-column-is-layout-flow\">\n<div class=\"wp-block-group facts-group is-layout-flow wp-block-group-is-layout-flow\">\n<p>Das Abschiebezentrum am BER soll 150 Mill \u20ac kosten.<\/p>\n\n\n\n<p class=\"has-text-align-left\">Seit 2001 haben Refugees mehr als 83 Jahre ohne Begr\u00fcndung in Abschiebehaft verbracht.<\/p>\n\n\n\n<p class=\"has-text-align-left\">Mehr als jeder zweite Fall von Abschiebehaft ist rechtswidrig.<\/p>\n<\/div>\n\n\n\n<figure class=\"wp-block-image size-large wp-duotone-208abf-fff-1\"><img decoding=\"async\" src=\"https:\/\/abschiebezentrumverhindern.noblogs.org\/files\/2022\/08\/page-p6-original-annotation-195.png.1140x0_q85-edited.png\" alt=\"\" class=\"wp-image-161\" \/><\/figure>\n<\/div>\n<\/div>\n<\/div>\n\n\n\n<p>Am Flughafen BER gibt es bereits eine Einrichtung f\u00fcr die Inhaftierung von Migrant*innen, Gefl\u00fcchteten und Reisenden, der sogenannte \u201eAusreisegewahrsam\u201c, in dem bis zu 20 Personen f\u00fcr kurze Zeit festgehalten werden k\u00f6nnen, um ihre Abschiebung sicherzustellen. Das neue Abschiebezentrum wird mehrere Formen der Inhaftnahme unter einem Dach vereinen: Den Ausreisegewahrsam, die Inhaftierung\u200b\u200b\u200b\u200b aufgrund der Verweigerung der Einreise bei der Ankunft am Flughafen sowie vor Dublin-\u00dcberstellungen und w\u00e4hrend des Flughafen-Asylverfahrens. Die Zentrale Ausl\u00e4nder*innenbeh\u00f6rde Brandenburg (ZABH) prognostiziert einen stetigen Anstieg der Inhaftierungen im geplanten Abschiebezentrum. Sie rechnet im Jahr 2025 mit 300 Flughafen-Asylverfahren, 600 Gewahrsamsf\u00e4llen sowie 150 R\u00fcckf\u00fchrungsf\u00e4llen und weiteren 300 F\u00e4llen im Jahr 2040. Auch wenn sich die brandenburgische Landesregierung in ihrem Koalitionsvertrag gegen Abschiebehaft ausgesprochen hat, k\u00f6nnen wir diesem Versprechen angesichts der Baupl\u00e4ne am Flughafen BER nicht trauen!<\/p>\n\n\n\n<p><strong>Jegliche Form der Inhaftierung von Menschen aufgrund eines nicht \u201erichtigen\u201c Visums oder Aufenthaltstitels ist eine zutiefst rassistische und gewaltvolle Aus\u00fcbung der Staatsmacht.<\/strong> Dies probieren Menschen in Machtpositionen zu normalisieren, zu besch\u00f6nigen und unsichtbar zu machen! In Deutschland zeigt sich seit einigen Jahren, dass mehr als 50% der Menschen in Abschiebungshaft illegalerweise inhaftiert sind. Wir sind \u00fcberzeugt, dass 100% der Menschen ungerechterweise inhaftiert sind! Durch den Zwang zur Erlangung von Visa und Aufenthaltsgenehmigungen, die Unterbringung in Lagern und die Exklusivit\u00e4t des Asylverfahrens wird Schwarzen Menschen und People of Color systematisch ein selbstbestimmtes Leben und die freie Wahl des Aufenthaltsortes verweigert.<\/p>\n\n\n\n<p><strong>Die systematische rassistische Unterdr\u00fcckung, Abschiebung und Diskriminierung von Menschen nehmen wir nicht hin! Deshalb wehren wir uns gegen die Inhaftierung und Abschiebung von Menschen, egal unter welchen Umst\u00e4nden!<\/strong><\/p>\n","protected":false},"excerpt":{"rendered":"<p>Das brandenburgische Innenministerium hat angek\u00fcndigt, bis 2025 ein sogenanntes \u201eEin- und Ausreisezentrum am Flughafen BER\u201c in Sch\u00f6nefeld zu errichten. Damit will die Regierung ein Pilotprojekt zur Beschleunigung und Ausweitung von restriktiven Asylverfahren und Abschiebungen etablieren. Der Bau soll auf einer Fl\u00e4che von 4 Hektar noch in diesem Jahr beginnen und ein Ankunfts-, Transit-, Gewahrsams- und [&hellip;]<\/p>\n","protected":false},"author":18001,"featured_media":0,"parent":0,"menu_order":0,"comment_status":"closed","ping_status":"closed","template":"","meta":{"_locale":"en_US","_original_post":"https:\/\/abschiebezentrumverhindern.noblogs.org\/?page_id=786","footnotes":""},"class_list":["post-786","page","type-page","status-publish","hentry","en-US"],"_links":{"self":[{"href":"https:\/\/abschiebezentrumverhindern.noblogs.org\/wp-json\/wp\/v2\/pages\/786","targetHints":{"allow":["GET"]}}],"collection":[{"href":"https:\/\/abschiebezentrumverhindern.noblogs.org\/wp-json\/wp\/v2\/pages"}],"about":[{"href":"https:\/\/abschiebezentrumverhindern.noblogs.org\/wp-json\/wp\/v2\/types\/page"}],"author":[{"embeddable":true,"href":"https:\/\/abschiebezentrumverhindern.noblogs.org\/wp-json\/wp\/v2\/users\/18001"}],"replies":[{"embeddable":true,"href":"https:\/\/abschiebezentrumverhindern.noblogs.org\/wp-json\/wp\/v2\/comments?post=786"}],"version-history":[{"count":4,"href":"https:\/\/abschiebezentrumverhindern.noblogs.org\/wp-json\/wp\/v2\/pages\/786\/revisions"}],"predecessor-version":[{"id":791,"href":"https:\/\/abschiebezentrumverhindern.noblogs.org\/wp-json\/wp\/v2\/pages\/786\/revisions\/791"}],"wp:attachment":[{"href":"https:\/\/abschiebezentrumverhindern.noblogs.org\/wp-json\/wp\/v2\/media?parent=786"}],"curies":[{"name":"wp","href":"https:\/\/api.w.org\/{rel}","templated":true}]}}