{"id":1359,"date":"2023-05-27T07:11:45","date_gmt":"2023-05-27T05:11:45","guid":{"rendered":"https:\/\/abschiebezentrumverhindern.noblogs.org\/?page_id=1359"},"modified":"2023-05-30T18:33:06","modified_gmt":"2023-05-30T16:33:06","slug":"faq","status":"publish","type":"page","link":"https:\/\/abschiebezentrumverhindern.noblogs.org\/en-US\/camp-2023\/faq\/","title":{"rendered":"H\u00e4ufige Fragen zum Camp"},"content":{"rendered":"\n<div class=\"wp-block-columns alignwide is-layout-flex wp-container-core-columns-is-layout-28f84493 wp-block-columns-is-layout-flex\">\n<div class=\"wp-block-column is-layout-flow wp-block-column-is-layout-flow\">\n<div class=\"wp-block-group is-content-justification-left is-layout-flex wp-container-core-group-is-layout-744565cc wp-block-group-is-layout-flex\" style=\"padding-top:6px;padding-right:0px;padding-bottom:6px;padding-left:0px\">\n<p><a href=\"https:\/\/abschiebezentrumverhindern.noblogs.org\/camp-2023\/faq\/en\/\" data-type=\"page\" data-id=\"1395\">English<\/a><\/p>\n\n\n\n<p><a href=\"https:\/\/abschiebezentrumverhindern.noblogs.org\/camp-2023\/faq\/fr\/\" data-type=\"page\" data-id=\"1397\">Fran\u00e7ais<\/a><\/p>\n\n\n\n<p><a href=\"https:\/\/abschiebezentrumverhindern.noblogs.org\/camp-2023\/faq\/ar\/\" data-type=\"page\" data-id=\"1401\">\u0639\u0631\u0628\u064a<\/a><\/p>\n\n\n\n<p><a href=\"https:\/\/abschiebezentrumverhindern.noblogs.org\/camp-2023\/faq\/es\/\" data-type=\"page\" data-id=\"1403\">Espa\u00f1ol<\/a><\/p>\n\n\n\n<p><a href=\"https:\/\/abschiebezentrumverhindern.noblogs.org\/camp-2023\/faq\/pl\/\" data-type=\"page\" data-id=\"1406\">Polski<\/a><\/p>\n<\/div>\n\n\n\n<h2 class=\"wp-block-heading\" id=\"deutsch\">H\u00e4ufige Fragen zum Stop Deportation! Protest Camp<\/h2>\n\n\n\n<h5 class=\"wp-block-heading\"><strong>Wo kann ich schlafen?<\/strong><\/h5>\n\n\n\n<ul class=\"wp-block-list\">\n<li>Wir werden in Zelten auf dem Campingplatz schlafen, also bringt eure Campingausr\u00fcstung mit!<\/li>\n\n\n\n<li>Wenn du&nbsp;Campingausr\u00fcstung brauchst oder Zelte\/ Isomatten\/ Schlafs\u00e4cke an andere ausleihen kannst, schreib uns an: <a href=\"mailto:signup-stopdeportation@riseup.net\">signup-stopdeportation@riseup.<\/a>net<\/li>\n\n\n\n<li><a href=\"mailto:signup-stopdeportation@riseup.net\">\u200b\u200b\u200b\u200b\u200b<\/a>Schreib uns auch, wenn du einen Schlafplatz in einer WG w\u00e4hrend des Camps suchst oder anbieten kannst<\/li>\n<\/ul>\n\n\n\n<h5 class=\"wp-block-heading\"><strong>Ist das Camp legal? Wird es direkte Aktionen geben? Ist es f\u00fcr mich sicher?<\/strong><\/h5>\n\n\n\n<ul class=\"wp-block-list\">\n<li>Das Camp wird bei den staatlichen Beh\u00f6rden angemeldet und ist somit eine legale Veranstaltung.<\/li>\n\n\n\n<li>Wir werden w\u00e4hrend der Dauer des Camps keine direkten Aktionen \/ Akte des zivilen Ungehorsams durchf\u00fchren und bitten alle Camp-Teilnehmer*innen, dies auch nicht zu tun. Die Menschen haben unterschiedliche Erfahrungen und Positionen in Bezug auf die Polizei, und wir tun unser Bestes, um das Camp so sicher wie m\u00f6glich f\u00fcr diejenigen unter uns zu machen, die den Kontakt mit der Polizei vermeiden wollen. Nat\u00fcrlich k\u00f6nnen wir keine absolute Sicherheit garantieren, da die Polizei immer in der N\u00e4he sein wird, aber wir bitten alle dringend, w\u00e4hrend des Camps und der Demo keine Aktionen zu unternehmen.<\/li>\n\n\n\n<li>Da das Camp eine angemeldete politische Versammlung ist, hat jeder das Recht, das Camp zu betreten, ohne von der Polizei festgehalten zu werden. Allerdings k\u00f6nnte die Polizei auf dem Weg von der S-Bahn zum Camp Ausweiskontrollen durchf\u00fchren. Insbesondere BIPOC-Personen laufen Gefahr, von der Polizei nach rassistischen Kriterien ausgew\u00e4hlt und angehalten zu werden. Wir empfehlen euch daher, in einer Gruppe zum Camp zu fahren. Wir werden regelm\u00e4\u00dfig Shuttlebusse von der S-Bahn zum Camp anbieten und empfehlen Menschen, die von Racial Profiling betroffen sind, diese zu nutzen.&nbsp;<\/li>\n\n\n\n<li>Wir werden im Vorfeld einen Sicherheitsflyer verteilen, der Informationen dar\u00fcber enth\u00e4lt, wie man sich im Kontakt mit der Polizei verhalten sollte. Wir werden rund um die Uhr Sicherheits- und Awareness-Telefonnummern bereitstellen, die ihr bei Kontakt mit der Polizei oder anderen Problemen anrufen k\u00f6nnt, sowie Kontakt zu&nbsp;Anw\u00e4lt*innen und Antirepressionsgruppen f\u00fcr Notf\u00e4lle.<\/li>\n\n\n\n<li>Ein Sicherheitsteam wird Tag und Nacht auf dem gesamten Campingplatz pr\u00e4sent sein.&nbsp;<\/li>\n<\/ul>\n\n\n\n<h5 class=\"wp-block-heading\"><strong>Ist die Teilnahme kostenlos?<\/strong><\/h5>\n\n\n\n<ul class=\"wp-block-list\">\n<li>Ja,&nbsp;ist es!<\/li>\n\n\n\n<li>Wir werden um Spenden f\u00fcr das Essen bitten, und Spenden f\u00fcr das Camp im Allgemeinen sind willkommen, aber wenn du nicht zahlen kannst, ist das kein Problem!<\/li>\n\n\n\n<li>Wenn du finanzielle Unterst\u00fctzung f\u00fcr deine Reisekosten zum Camp brauchst, kontaktiere finance-stopdeportation@riseup.net so schnell wie m\u00f6glich, buche die g\u00fcnstigste Option (z.B. Deutschland-Ticket) und schicke deine Ticketbelege.&nbsp;<\/li>\n\n\n\n<li>Wir haben noch viele offene Kosten, also spendet bitte, wenn ihr k\u00f6nnt: https:\/\/www.betterplace.me\/stop-deportation-camp-ber<\/li>\n<\/ul>\n\n\n\n<h5 class=\"wp-block-heading\"><strong>Wird es Essen geben?<\/strong><\/h5>\n\n\n\n<ul class=\"wp-block-list\">\n<li>Ja! Es wird 3 Mahlzeiten pro Tag geben sowie eine Pizza- und eine Kaffee- und Waffelstation.<\/li>\n\n\n\n<li>Wir haben tolle Kochkollektive, die sich um das Essen k\u00fcmmern &amp; wir brauchen Leute, die sich f\u00fcr Schichten am Info-Point auf dem Camp anmelden!<\/li>\n<\/ul>\n\n\n\n<h5 class=\"wp-block-heading\"><strong>Wie kann ich unterst\u00fctzen?<\/strong><\/h5>\n\n\n\n<ul class=\"wp-block-list\">\n<li>Schick&nbsp;uns eine E-Mail an signup-stopdeportation@riseup.net, wenn du unterst\u00fctzen kannst mit: \u00dcbersetzung (wann und in welchen Sprachen?), medizinischer Versorgung, Auf- (ab 27.5.) und Abbau (ab 6.6.) des Camps, Strom- und Wasserversorgung, Transport\/Autos\/F\u00fchrerschein, Schlafpl\u00e4tze, Campingmaterial, technische Unterst\u00fctzung, Sicherheit oder Awareness<\/li>\n\n\n\n<li>Mobilisier&nbsp;alle Deine Freund*innen und verbreite die Informationen \u00fcber das Camp und den Kampf gegen das BER-Abschiebezentrum!<\/li>\n<\/ul>\n\n\n\n<h5 class=\"wp-block-heading\"><strong>Ist das Camp barrierefrei?<\/strong><\/h5>\n\n\n\n<ul class=\"wp-block-list\">\n<li>Wir haben einige Barrieren auf unserem Camp, die wir versuchen abzuschaffen oder zu reduzieren, unser Konzept findest du <a href=\"https:\/\/abschiebezentrumverhindern.noblogs.org\/camp-2023\/barrierefreiheit\/\" data-type=\"page\" data-id=\"1295\">hier<\/a><a href=\"https:\/\/abschiebezentrumverhindern.noblogs.org\/camp-2023\/barrierefreiheit\/#english\"><\/a><\/li>\n\n\n\n<li><a href=\"https:\/\/abschiebezentrumverhindern.noblogs.org\/camp-2023\/barrierefreiheit\/#english\"><\/a>Wenn du am S-Bahnhof ankommst, haben wir einen Shuttle-Bus zum Camp mit einer Hebeb\u00fchne f\u00fcr Rollst\u00fchle.<\/li>\n<\/ul>\n\n\n\n<h5 class=\"wp-block-heading\"><strong>Kann ich mein Haustier mitbringen?<\/strong><\/h5>\n\n\n\n<ul class=\"wp-block-list\">\n<li>Das Camp soll ein sicherer, zug\u00e4nglicher Ort f\u00fcr alle Teilnehmer*innen sein. Hunde sind f\u00fcr viele Menschen be\u00e4ngstigend. Manche Menschen haben Erfahrungen und Traumata mit aggressiven Hunden. Selbst wenn die Hunde angeleint\/kontrolliert sind, f\u00fchlen sich&nbsp;Menschen m\u00f6glicherweise nicht sicher.<\/li>\n\n\n\n<li>Assistenz- und Arbeitshunde sind willkommen.<\/li>\n\n\n\n<li>Alle anderen Hunde und Haustiere sind auf dem Camp nicht erlaubt.<\/li>\n\n\n\n<li>Wenn du trotzdem dein Haustier mitbringst, wird euch ein Campingbereich zugewiesen, der nicht zum Hauptcampingplatz geh\u00f6rt, und der Hund darf zu keinem Zeitpunkt zu den Veranstaltungsorten mitgenommen werden.<\/li>\n<\/ul>\n\n\n\n<h5 class=\"wp-block-heading\"><strong>Was sollte ich (nicht) einpacken?<\/strong><\/h5>\n\n\n\n<figure class=\"wp-block-table\"><table><tbody><tr><td>Einpacken<\/td><td>Nicht Einpacken<\/td><\/tr><tr><td>&#8211; Zelt, Schlafsack, Isomatte<br>&#8211; wenn du hast: Ausweis\/ Aufenthaltstitel (im Fall von Polizeikontrollen)<br>&#8211; Kleidung, Badsachen, Handt\u00fccher<br>&#8211; Medizin, falls du welche brauchst<br><br>k\u00f6nnte n\u00fctzlich sein:<br>&#8211; Taschenlampe<br>&#8211; Sonnen-, Regen- und M\u00fccken-Schutz<br>&#8211; COVID-19 Schnelltests, Masken<br>&#8211; Powerbank &amp; Musikbox<br>&#8211; Decke\/ Sitzkissen<br>&#8211; Snacks<br>&#8211; Buch\/ Block &amp; Stift<br>&#8211; Spiele<br>&#8211; Fahrrad<\/td><td>&#8211; Drogen &amp; Alkohol (das Protest Camp ist ein politisches Event und keine Party)<br>&#8211; alles was als Waffe genutzt werden k\u00f6nnte wie bspw. ein Taschenmesser (das k\u00f6nnte zum Sicherheitsrisiko f\u00fcr dich und andere werden)<br>&#8211; Glasflaschen<\/td><\/tr><\/tbody><\/table><\/figure>\n\n\n\n<h5 class=\"wp-block-heading\"><strong>Muss ich mich anmelden?<\/strong><\/h5>\n\n\n\n<ul class=\"wp-block-list\">\n<li>du brauchst dich nicht anmelden, aber es w\u00e4re sehr hilfreich f\u00fcr uns<\/li>\n\n\n\n<li>um dich anzumelden, schick uns bitte folgende Informationen an&nbsp;<a href=\"mailto:signup-stopdeportation@riseup.net\">signup-stopdeportation@riseup.net<\/a>\n<ul class=\"wp-block-list\">\n<li>Kommst du mit einer Gruppe oder alleine? Wie viele Personen?<\/li>\n\n\n\n<li>Ben\u00f6tigst du Verdolmetschung oder irgendeine Art von Unterst\u00fctzung?<\/li>\n\n\n\n<li>Ben\u00f6tigst du Campingausr\u00fcstung oder einen Schlafplatz in einer WG?<\/li>\n\n\n\n<li>Hast du besondere Bed\u00fcrfnisse, die wir ber\u00fccksichtigen sollen?<\/li>\n<\/ul>\n<\/li>\n\n\n\n<li>Du kannst auch spontan kommen und musst nicht die ganze Zeit bleiben<\/li>\n<\/ul>\n\n\n\n<h5 class=\"wp-block-heading\"><strong>Kann ich mit Kindern kommen?<\/strong><\/h5>\n\n\n\n<ul class=\"wp-block-list\">\n<li>Ja! Bitte gib uns Bescheid, damit wir besser planen k\u00f6nnen: <a href=\"mailto:signup-stopdeportation@riseup.net\">signup-stopdeportation@riseup.net<\/a><\/li>\n\n\n\n<li><a href=\"mailto:signup-stopdeportation@riseup.net\"><\/a>Es wird eine t\u00e4gliche Kinderbetreuung, Zirkus, B\u00fccher, Spielzeug,&nbsp;B\u00e4llebad, Fu\u00dfball sowie Workshops f\u00fcr Kinder geben (Mein K\u00f6rper Meine Grenzen, DIY-Jonglieren, Graffiti)<\/li>\n<\/ul>\n\n\n\n<h5 class=\"wp-block-heading\"><strong>In welchen Sprachen wird das Programm sein?<\/strong><\/h5>\n\n\n\n<ul class=\"wp-block-list\">\n<li>Wir haben eine gro\u00dfe Gruppe von Dolmetscher*innen, die das Programm in Englisch, Deutsch, Arabisch, T\u00fcrkisch, Spanisch, Portugiesisch, Dari, Urdu, Rum\u00e4nisch, Sindhi, Hindi, Kreolisch, Franz\u00f6sisch, Kroatisch, Serbisch, Bosnisch, Italienisch, Polnisch, Farsi, Russisch, Griechisch und Albanisch simultan \u00fcbersetzen k\u00f6nnen.<\/li>\n\n\n\n<li>Bitte sag uns, welche Sprachen ben\u00f6tigt werden, damit wir sicherstellen k\u00f6nnen, dass jemand zum Dolmetschen da ist: signup-stopdeportation@riseup.net<\/li>\n<\/ul>\n\n\n\n<h5 class=\"wp-block-heading\"><strong>Was werden wir 6 Tage lang tun?<\/strong><\/h5>\n\n\n\n<ul class=\"wp-block-list\">\n<li>Das Camp wird ein Ort sein, um die No Border Bewegung zu vernetzen, das Bewusstsein zu sch\u00e4rfen, Erfahrungen auszutauschen und F\u00e4higkeiten zu vermitteln.<\/li>\n\n\n\n<li>Wir haben ein umfangreiches Programm zum Thema Widerstand gegen das Grenzregime: Workshops, Podiumsdiskussionen, Bibliothek, Ausstellungen, Kinderprogramm, Sport, Musik, Theater, Caf\u00e9, Essen und viel Platz f\u00fcr spontane Zusammenk\u00fcnfte<\/li>\n<\/ul>\n\n\n\n<h5 class=\"wp-block-heading\"><strong>Hast du weitere Fragen\/ W\u00fcnsche\/ Anliegen\/ Feedback? Dann schreib uns: Stop-deportation-camp@riseup.net<\/strong><\/h5>\n<\/div>\n<\/div>\n","protected":false},"excerpt":{"rendered":"<p>English Fran\u00e7ais \u0639\u0631\u0628\u064a Espa\u00f1ol Polski H\u00e4ufige Fragen zum Stop Deportation! Protest Camp Wo kann ich schlafen? Ist das Camp legal? Wird es direkte Aktionen geben? Ist es f\u00fcr mich sicher? Ist die Teilnahme kostenlos? Wird es Essen geben? Wie kann ich unterst\u00fctzen? Ist das Camp barrierefrei? Kann ich mein Haustier mitbringen? Was sollte ich (nicht) [&hellip;]<\/p>\n","protected":false},"author":18001,"featured_media":0,"parent":370,"menu_order":0,"comment_status":"closed","ping_status":"closed","template":"","meta":{"_locale":"en_US","_original_post":"https:\/\/abschiebezentrumverhindern.noblogs.org\/?page_id=1359","footnotes":""},"class_list":["post-1359","page","type-page","status-publish","hentry","en-US"],"_links":{"self":[{"href":"https:\/\/abschiebezentrumverhindern.noblogs.org\/wp-json\/wp\/v2\/pages\/1359","targetHints":{"allow":["GET"]}}],"collection":[{"href":"https:\/\/abschiebezentrumverhindern.noblogs.org\/wp-json\/wp\/v2\/pages"}],"about":[{"href":"https:\/\/abschiebezentrumverhindern.noblogs.org\/wp-json\/wp\/v2\/types\/page"}],"author":[{"embeddable":true,"href":"https:\/\/abschiebezentrumverhindern.noblogs.org\/wp-json\/wp\/v2\/users\/18001"}],"replies":[{"embeddable":true,"href":"https:\/\/abschiebezentrumverhindern.noblogs.org\/wp-json\/wp\/v2\/comments?post=1359"}],"version-history":[{"count":13,"href":"https:\/\/abschiebezentrumverhindern.noblogs.org\/wp-json\/wp\/v2\/pages\/1359\/revisions"}],"predecessor-version":[{"id":1615,"href":"https:\/\/abschiebezentrumverhindern.noblogs.org\/wp-json\/wp\/v2\/pages\/1359\/revisions\/1615"}],"up":[{"embeddable":true,"href":"https:\/\/abschiebezentrumverhindern.noblogs.org\/wp-json\/wp\/v2\/pages\/370"}],"wp:attachment":[{"href":"https:\/\/abschiebezentrumverhindern.noblogs.org\/wp-json\/wp\/v2\/media?parent=1359"}],"curies":[{"name":"wp","href":"https:\/\/api.w.org\/{rel}","templated":true}]}}